{"id":11404,"date":"2022-12-12T10:48:06","date_gmt":"2022-12-12T09:48:06","guid":{"rendered":"http:\/\/tramitserveis.cat\/merci\/"},"modified":"2022-12-12T11:09:31","modified_gmt":"2022-12-12T10:09:31","slug":"merci","status":"publish","type":"page","link":"https:\/\/tramitserveis.cat\/fr\/merci\/","title":{"rendered":"Merci"},"content":{"rendered":"<p>[et_pb_section fb_built=&#8221;1&#8243; _builder_version=&#8221;4.16&#8243; _module_preset=&#8221;default&#8221; custom_margin=&#8221;0px||0px||false|false&#8221; custom_padding=&#8221;0px||0px||false|false&#8221; locked=&#8221;off&#8221; global_colors_info=&#8221;{}&#8221;][et_pb_row _builder_version=&#8221;4.16&#8243; _module_preset=&#8221;default&#8221; custom_padding=&#8221;50px||35px||false|false&#8221; locked=&#8221;off&#8221; global_colors_info=&#8221;{}&#8221;][et_pb_column type=&#8221;4_4&#8243; _builder_version=&#8221;4.16&#8243; _module_preset=&#8221;default&#8221; global_colors_info=&#8221;{}&#8221;][et_pb_text _builder_version=&#8221;4.19.1&#8243; _module_preset=&#8221;default&#8221; header_2_font=&#8221;Poppins|600|||||||&#8221; header_2_text_align=&#8221;center&#8221; header_2_text_color=&#8221;#4D4D4D&#8221; header_2_font_size=&#8221;36px&#8221; header_3_font=&#8221;Poppins|500||on|||||&#8221; header_3_text_align=&#8221;center&#8221; header_3_text_color=&#8221;#808080&#8243; header_3_font_size=&#8221;18px&#8221; custom_margin=&#8221;10px||10px||false|false&#8221; custom_padding=&#8221;0px||0px||false|false&#8221; hover_enabled=&#8221;0&#8243; global_colors_info=&#8221;{}&#8221; sticky_enabled=&#8221;0&#8243;]<\/p>\n<h2>Merci<\/h2>\n<p>[\/et_pb_text][et_pb_divider color=&#8221;#C82F3E&#8221; divider_position=&#8221;center&#8221; divider_weight=&#8221;4px&#8221; _builder_version=&#8221;4.16&#8243; _module_preset=&#8221;default&#8221; width=&#8221;46px&#8221; module_alignment=&#8221;center&#8221; custom_margin=&#8221;0px||0px||false|false&#8221; custom_padding=&#8221;0px||0px||false|false&#8221; global_colors_info=&#8221;{}&#8221;][\/et_pb_divider][\/et_pb_column][\/et_pb_row][\/et_pb_section][et_pb_section fb_built=&#8221;1&#8243; custom_padding_last_edited=&#8221;on|tablet&#8221; _builder_version=&#8221;4.19.1&#8243; _module_preset=&#8221;default&#8221; custom_padding_tablet=&#8221;0px||||false|false&#8221; custom_padding_phone=&#8221;0px||||false|false&#8221; hover_enabled=&#8221;0&#8243; global_colors_info=&#8221;{}&#8221; custom_padding=&#8221;0px||||false|false&#8221; custom_margin=&#8221;0px||||false|false&#8221; sticky_enabled=&#8221;0&#8243;][et_pb_row _builder_version=&#8221;4.19.1&#8243; _module_preset=&#8221;default&#8221;][et_pb_column _builder_version=&#8221;4.19.1&#8243; _module_preset=&#8221;default&#8221; type=&#8221;4_4&#8243;][et_pb_text _builder_version=&#8221;4.19.1&#8243; _module_preset=&#8221;default&#8221; hover_enabled=&#8221;0&#8243; sticky_enabled=&#8221;0&#8243; text_orientation=&#8221;center&#8221; text_text_color=&#8221;#4D4D4D&#8221; text_font=&#8221;Poppins||||||||&#8221; text_font_size=&#8221;16px&#8221;]<\/p>\n<p>Merci beaucoup de nous avoir contact\u00e9s.<\/br>Notre \u00e9quipe vous contactera dans les plus brefs d\u00e9lais.<\/p>\n<p>[\/et_pb_text][et_pb_button button_text=&#8221;revenir&#8221; _builder_version=&#8221;4.19.1&#8243; _module_preset=&#8221;default&#8221; button_alignment=&#8221;center&#8221; button_border_width=&#8221;0px&#8221; hover_enabled=&#8221;0&#8243; sticky_enabled=&#8221;0&#8243; button_font=&#8221;Poppins|||on|||||&#8221; button_url=&#8221;@ET-DC@eyJkeW5hbWljIjp0cnVlLCJjb250ZW50IjoiaG9tZV91cmwiLCJzZXR0aW5ncyI6W119@&#8221; _dynamic_attributes=&#8221;button_url&#8221;][\/et_pb_button][\/et_pb_column][\/et_pb_row][\/et_pb_section]<\/p>\n","protected":false},"excerpt":{"rendered":"<p>MerciMerci beaucoup de nous avoir contact\u00e9s.Notre \u00e9quipe vous contactera dans les plus brefs d\u00e9lais.<\/p>\n","protected":false},"author":1,"featured_media":0,"parent":0,"menu_order":0,"comment_status":"closed","ping_status":"closed","template":"","meta":{"_et_pb_use_builder":"on","_et_pb_old_content":"","_et_gb_content_width":"","footnotes":""},"class_list":["post-11404","page","type-page","status-publish","hentry"],"_links":{"self":[{"href":"https:\/\/tramitserveis.cat\/fr\/wp-json\/wp\/v2\/pages\/11404","targetHints":{"allow":["GET"]}}],"collection":[{"href":"https:\/\/tramitserveis.cat\/fr\/wp-json\/wp\/v2\/pages"}],"about":[{"href":"https:\/\/tramitserveis.cat\/fr\/wp-json\/wp\/v2\/types\/page"}],"author":[{"embeddable":true,"href":"https:\/\/tramitserveis.cat\/fr\/wp-json\/wp\/v2\/users\/1"}],"replies":[{"embeddable":true,"href":"https:\/\/tramitserveis.cat\/fr\/wp-json\/wp\/v2\/comments?post=11404"}],"version-history":[{"count":0,"href":"https:\/\/tramitserveis.cat\/fr\/wp-json\/wp\/v2\/pages\/11404\/revisions"}],"wp:attachment":[{"href":"https:\/\/tramitserveis.cat\/fr\/wp-json\/wp\/v2\/media?parent=11404"}],"curies":[{"name":"wp","href":"https:\/\/api.w.org\/{rel}","templated":true}]}}