{"id":11083,"date":"2022-09-28T07:13:30","date_gmt":"2022-09-28T05:13:30","guid":{"rendered":"http:\/\/tramitserveis.cat\/services\/domaine-rgpd\/"},"modified":"2022-12-01T13:09:57","modified_gmt":"2022-12-01T12:09:57","slug":"domaine-rgpd","status":"publish","type":"page","link":"https:\/\/tramitserveis.cat\/fr\/domaine-rgpd\/","title":{"rendered":"Domaine RGPD"},"content":{"rendered":"<p>[et_pb_section fb_built=&#8221;1&#8243; _builder_version=&#8221;4.16&#8243; _module_preset=&#8221;default&#8221; custom_margin=&#8221;0px||0px||false|false&#8221; custom_padding=&#8221;0px||0px||false|false&#8221; locked=&#8221;off&#8221; global_colors_info=&#8221;{}&#8221;][et_pb_row _builder_version=&#8221;4.16&#8243; _module_preset=&#8221;default&#8221; custom_padding=&#8221;60px|11px|0px|11px|false|true&#8221; global_colors_info=&#8221;{}&#8221;][et_pb_column type=&#8221;4_4&#8243; _builder_version=&#8221;4.16&#8243; _module_preset=&#8221;default&#8221; global_colors_info=&#8221;{}&#8221;][et_pb_text _builder_version=&#8221;4.16&#8243; _module_preset=&#8221;default&#8221; header_3_font=&#8221;Poppins|500||on|||||&#8221; header_3_text_align=&#8221;center&#8221; header_3_text_color=&#8221;#808080&#8243; header_3_font_size=&#8221;18px&#8221; custom_margin=&#8221;||0px||false|false&#8221; custom_padding=&#8221;||0px||false|false&#8221; global_colors_info=&#8221;{}&#8221;]<\/p>\n<h3>SERVICES<\/h3>\n<p>[\/et_pb_text][et_pb_text _builder_version=&#8221;4.16&#8243; _module_preset=&#8221;default&#8221; header_2_font=&#8221;Poppins|600|||||||&#8221; header_2_text_align=&#8221;center&#8221; header_2_text_color=&#8221;#4D4D4D&#8221; header_2_font_size=&#8221;36px&#8221; header_3_font=&#8221;Poppins|500||on|||||&#8221; header_3_text_align=&#8221;center&#8221; header_3_text_color=&#8221;#808080&#8243; header_3_font_size=&#8221;18px&#8221; custom_margin=&#8221;10px||10px||false|false&#8221; custom_padding=&#8221;0px||0px||false|false&#8221; global_colors_info=&#8221;{}&#8221;]<\/p>\n<h2>Domaine RGPD<\/h2>\n<p>[\/et_pb_text][et_pb_image src=&#8221;http:\/\/tramitserveis.cat\/wp-content\/uploads\/2022\/02\/area-LOPD.svg&#8221; title_text=&#8221;area LOPD&#8221; align=&#8221;center&#8221; _builder_version=&#8221;4.16&#8243; _module_preset=&#8221;default&#8221; width=&#8221;160px&#8221; min_height=&#8221;50px&#8221; custom_margin=&#8221;||35px||false|false&#8221; custom_padding=&#8221;||0px||false|false&#8221; locked=&#8221;off&#8221; global_colors_info=&#8221;{}&#8221;][\/et_pb_image][\/et_pb_column][\/et_pb_row][\/et_pb_section][et_pb_section fb_built=&#8221;1&#8243; module_id=&#8221;contenido-servicios&#8221; _builder_version=&#8221;4.16&#8243; _module_preset=&#8221;default&#8221; custom_margin=&#8221;0px||0px||true|false&#8221; custom_padding=&#8221;0px||60px||false|false&#8221; locked=&#8221;off&#8221; global_colors_info=&#8221;{}&#8221;][et_pb_row use_custom_gutter=&#8221;on&#8221; gutter_width=&#8221;1&#8243; _builder_version=&#8221;4.16&#8243; _module_preset=&#8221;default&#8221; custom_margin=&#8221;0px||||false|false&#8221; custom_padding=&#8221;0px|10px||10px|false|true&#8221; global_colors_info=&#8221;{}&#8221;][et_pb_column type=&#8221;4_4&#8243; _builder_version=&#8221;4.16&#8243; _module_preset=&#8221;default&#8221; global_colors_info=&#8221;{}&#8221;][et_pb_text ul_item_indent=&#8221;2em&#8221; _builder_version=&#8221;4.18.0&#8243; _module_preset=&#8221;default&#8221; text_font=&#8221;Poppins||||||||&#8221; text_text_color=&#8221;#4D4D4D&#8221; text_font_size=&#8221;15px&#8221; ul_font=&#8221;Poppins||||||||&#8221; ul_text_color=&#8221;#4D4D4D&#8221; ul_font_size=&#8221;15px&#8221; global_colors_info=&#8221;{}&#8221;]Sa sp\u00e9cialit\u00e9 principale est l\u2019application juridique, les ajustements organisationnels et le d\u00e9veloppement de processus dynamiques de nouvelles technologies de la communication et de l\u2019information dans les organisations, tant publiques que priv\u00e9es. Ce domaine offre une gamme de services personnels et sp\u00e9cialis\u00e9s qui impliquent de vraies solutions pour l\u2019entreprise:[\/et_pb_text][\/et_pb_column][\/et_pb_row][et_pb_row column_structure=&#8221;1_2,1_2&#8243; use_custom_gutter=&#8221;on&#8221; gutter_width=&#8221;1&#8243; _builder_version=&#8221;4.16&#8243; _module_preset=&#8221;default&#8221; custom_margin=&#8221;0px||||false|false&#8221; custom_padding=&#8221;0px|10px||10px|false|true&#8221; global_colors_info=&#8221;{}&#8221;][et_pb_column type=&#8221;1_2&#8243; _builder_version=&#8221;4.16&#8243; _module_preset=&#8221;default&#8221; global_colors_info=&#8221;{}&#8221;][et_pb_text ul_item_indent=&#8221;2em&#8221; _builder_version=&#8221;4.19.1&#8243; _module_preset=&#8221;default&#8221; text_font=&#8221;Poppins||||||||&#8221; text_text_color=&#8221;#4D4D4D&#8221; text_font_size=&#8221;15px&#8221; ul_font=&#8221;Poppins||||||||&#8221; ul_text_color=&#8221;#4D4D4D&#8221; ul_font_size=&#8221;15px&#8221; global_colors_info=&#8221;{}&#8221;]<\/p>\n<ul>\n<li>Services li\u00e9s au r\u00e8glement g\u00e9n\u00e9ral sur la protection des donn\u00e9es (RGPD)<\/li>\n<li>Adaptation au RGPD<\/li>\n<li>Audit biennal<\/li>\n<li>Programme d\u2019entretien<\/li>\n<li>\u00c9laboration de codes types<\/li>\n<li>Cr\u00e9ation et d\u00e9veloppement de comit\u00e9s de s\u00e9curit\u00e9<\/li>\n<li>Services li\u00e9s \u00e0 la loi sur les services de la soci\u00e9t\u00e9 de l\u2019information et du commerce \u00e9lectronique (LSSICE)<\/li>\n<li>Audit de site Web<\/li>\n<li>Adaptation \u00e0 la LSSICE<\/li>\n<li>Programmes d\u2019entretien<\/li>\n<li>Services d\u2019inspection<\/li>\n<li>Mesures pr\u00e9alables \u00e0 l\u2019inspection<\/li>\n<li>Pr\u00e9sence dans l\u2019action d\u2019inspection<\/li>\n<li>R\u00e9daction et soumission de m\u00e9moires aux autorit\u00e9s administratives<\/li>\n<li>D\u00e9fense juridique compl\u00e8te<\/li>\n<li>Conseils sur les nouvelles technologies<\/li>\n<li>Signature \u00e9lectronique<\/li>\n<li>Facture t\u00e9l\u00e9matique<\/li>\n<li>Commerce \u00e9lectronique<\/li>\n<\/ul>\n<p>[\/et_pb_text][\/et_pb_column][et_pb_column type=&#8221;1_2&#8243; _builder_version=&#8221;4.16&#8243; _module_preset=&#8221;default&#8221; global_colors_info=&#8221;{}&#8221;][et_pb_text ul_item_indent=&#8221;2em&#8221; _builder_version=&#8221;4.19.1&#8243; _module_preset=&#8221;default&#8221; text_font=&#8221;Poppins||||||||&#8221; text_text_color=&#8221;#4D4D4D&#8221; text_font_size=&#8221;15px&#8221; ul_font=&#8221;Poppins||||||||&#8221; ul_text_color=&#8221;#4D4D4D&#8221; ul_font_size=&#8221;15px&#8221; global_colors_info=&#8221;{}&#8221;]<\/p>\n<ul>\n<li>Formations et conf\u00e9rences<\/li>\n<li>Formation<\/li>\n<li>Cours par les gestionnaires de fichiers et les responsables de la s\u00e9curit\u00e9<\/li>\n<li>Cours pour consultants en protection des donn\u00e9es (collaboration avec UAB)<\/li>\n<li>Cours sur la protection des donn\u00e9es dispens\u00e9 par des inspecteurs des services sociaux<\/li>\n<li>Cours d\u2019auditeur-consultant sur la protection des donn\u00e9es pour le personnel<\/li>\n<li>Cours sur la protection des donn\u00e9es pour T.S. des administrations publiques<\/li>\n<li>Conf\u00e9rences<\/li>\n<li>Conseil juridique et technologique<\/li>\n<li>Gestion des proc\u00e9dures<\/li>\n<li>D\u00e9fense des droits fondamentaux (AEPD)<\/li>\n<li>Inspection (AEPD, ACPD, APDCM, AVPD, CNMT, etc.)<\/li>\n<li>Inspection dans les plans sectoriels (AEPD)<\/li>\n<li>Enregistrement de dossiers dans des organismes publics et priv\u00e9s<\/li>\n<li>Gestion devant les juridictions comp\u00e9tentes<\/li>\n<li>Expertise judiciaire et rapports pr\u00e9judiciels<\/li>\n<\/ul>\n<p>[\/et_pb_text][\/et_pb_column][\/et_pb_row][et_pb_row use_custom_gutter=&#8221;on&#8221; gutter_width=&#8221;1&#8243; _builder_version=&#8221;4.16&#8243; _module_preset=&#8221;default&#8221; custom_margin=&#8221;0px||||false|false&#8221; custom_padding=&#8221;0px|10px||10px|false|true&#8221; global_colors_info=&#8221;{}&#8221;][et_pb_column type=&#8221;4_4&#8243; _builder_version=&#8221;4.16&#8243; _module_preset=&#8221;default&#8221; global_colors_info=&#8221;{}&#8221;][et_pb_text ul_item_indent=&#8221;2em&#8221; _builder_version=&#8221;4.19.1&#8243; _module_preset=&#8221;default&#8221; text_font=&#8221;Poppins||||||||&#8221; text_text_color=&#8221;#4D4D4D&#8221; text_font_size=&#8221;15px&#8221; link_text_color=&#8221;#C82F3E&#8221; ul_font=&#8221;Poppins||||||||&#8221; ul_text_color=&#8221;#4D4D4D&#8221; ul_font_size=&#8221;15px&#8221; hover_enabled=&#8221;0&#8243; global_colors_info=&#8221;{}&#8221; sticky_enabled=&#8221;0&#8243;]<\/p>\n<h4 class=\"\" data-fontsize=\"24\" data-lineheight=\"25.92px\">Font Advocats, cabinet sp\u00e9cialis\u00e9 en droit num\u00e9rique<\/h4>\n<p><a href=\"https:\/\/www.fontadvocats.com\/ca\/\" target=\"_blank\" rel=\"noopener\">Font Advocats<\/a> est un cabinet d\u2019avocats sp\u00e9cialis\u00e9 en droit num\u00e9rique et technologique, fond\u00e9 \u00e0 Barcelone en 2012. Il s\u2019adresse principalement aux entreprises nationales et internationales, qui op\u00e8rent dans l\u2019environnement num\u00e9rique ou sont dans un processus de transformation num\u00e9rique.<\/p>\n<p>Font Advocats offre des services juridiques de la plus haute qualit\u00e9, avec un traitement flexible et \u00e9troit, qui s\u2019adapte aux besoins de chaque client.<\/p>\n<p><strong>Services<\/strong><\/p>\n<p>Font Advocats a les domaines de travail suivants:<\/p>\n<ul>\n<li><strong>Confidentialit\u00e9\/Protection des donn\u00e9es<\/strong><\/li>\n<li><strong>Propri\u00e9t\u00e9 intellectuelle et industrielle et droit \u00e0 l\u2019image<\/strong><\/li>\n<li><strong>\u00c9conomie num\u00e9rique<\/strong> (couverture juridique des sites web, des applications et des plateformes num\u00e9riques, contrats \u00e9lectroniques et technologiques, publicit\u00e9 et marketing num\u00e9rique, contentieux technologique, conseil sur l\u2019utilisation de technologies de rupture telles que la blockchain, l\u2019intelligence artificielle, l\u2019Internet des objets, etc.)<\/li>\n<li><strong>Cybercriminalit\u00e9<\/strong><\/li>\n<li><strong>R\u00e9putation num\u00e9rique<\/strong><\/li>\n<li><em><strong>Conformit\u00e9<\/strong><\/em> (conformit\u00e9 p\u00e9nale, blanchiment d\u2019argent et secrets d\u2019affaires et cybers\u00e9curit\u00e9)<\/li>\n<\/ul>\n<p>Le Cabinet entretient des alliances strat\u00e9giques avec des partenaires dans le domaine de la communication et de la s\u00e9curit\u00e9 informatique, afin d\u2019offrir des conseils complets \u00e0 ses clients.<\/p>\n<p><em>La technologie est un \u00e9l\u00e9ment cl\u00e9 pour la comp\u00e9titivit\u00e9 et le progr\u00e8s des organisations, mais il est n\u00e9cessaire d\u2019anticiper et d\u2019adopter des mesures pour faire face aux risques juridiques.<\/em><\/p>\n<p>[\/et_pb_text][\/et_pb_column][\/et_pb_row][et_pb_row use_custom_gutter=&#8221;on&#8221; gutter_width=&#8221;1&#8243; _builder_version=&#8221;4.16&#8243; _module_preset=&#8221;default&#8221; custom_margin=&#8221;0px||||false|false&#8221; custom_padding=&#8221;0px|10px||10px|false|true&#8221; global_colors_info=&#8221;{}&#8221;][et_pb_column type=&#8221;4_4&#8243; _builder_version=&#8221;4.16&#8243; _module_preset=&#8221;default&#8221; global_colors_info=&#8221;{}&#8221;][et_pb_button button_url=&#8221;https:\/\/www.fontadvocats.com\/&#8221; url_new_window=&#8221;on&#8221; button_text=&#8221;RENCONTREZ LE COLLABORATEUR&#8221; _builder_version=&#8221;4.16&#8243; _module_preset=&#8221;default&#8221; button_text_size=&#8221;14px&#8221; button_border_width=&#8221;2px&#8221; button_border_color=&#8221;#C82F3E&#8221; button_border_radius=&#8221;2px&#8221; button_font=&#8221;Poppins|700||on|||||&#8221; button_use_icon=&#8221;off&#8221; custom_margin=&#8221;||0px||false|false&#8221; custom_padding=&#8221;0.8em|2em|0.8em|2em|true|true&#8221; locked=&#8221;off&#8221; global_colors_info=&#8221;{}&#8221; button_text_size__hover_enabled=&#8221;off|hover&#8221; button_text_color__hover_enabled=&#8221;on|hover&#8221; button_text_color__hover=&#8221;#C82F3E&#8221; button_bg_color__hover=&#8221;#FFFFFF&#8221; button_border_width__hover_enabled=&#8221;on|desktop&#8221; button_border_width__hover=&#8221;2px&#8221; button_border_color__hover_enabled=&#8221;on|hover&#8221; button_border_color__hover=&#8221;#C82F3E&#8221;][\/et_pb_button][\/et_pb_column][\/et_pb_row][\/et_pb_section][et_pb_section fb_built=&#8221;1&#8243; _builder_version=&#8221;4.18.0&#8243; _module_preset=&#8221;default&#8221; background_image=&#8221;http:\/\/tramitserveis.cat\/wp-content\/uploads\/2022\/11\/fondo-img2-1024&#215;324-1.webp&#8221; custom_padding=&#8221;30px||30px||true|false&#8221; locked=&#8221;off&#8221; global_colors_info=&#8221;{}&#8221;][et_pb_row column_structure=&#8221;1_5,3_5,1_5&#8243; _builder_version=&#8221;4.16&#8243; _module_preset=&#8221;default&#8221; global_colors_info=&#8221;{}&#8221;][et_pb_column type=&#8221;1_5&#8243; _builder_version=&#8221;4.16&#8243; _module_preset=&#8221;default&#8221; global_colors_info=&#8221;{}&#8221;][\/et_pb_column][et_pb_column type=&#8221;3_5&#8243; _builder_version=&#8221;4.16&#8243; _module_preset=&#8221;default&#8221; global_colors_info=&#8221;{}&#8221;][et_pb_text _builder_version=&#8221;4.16&#8243; _module_preset=&#8221;default&#8221; text_font=&#8221;Poppins||||||||&#8221; text_font_size=&#8221;15px&#8221; link_text_color=&#8221;#4D4D4D&#8221; header_2_font=&#8221;Poppins|600|||||||&#8221; header_2_text_align=&#8221;center&#8221; header_2_text_color=&#8221;#4D4D4D&#8221; header_2_font_size=&#8221;36px&#8221; header_3_font=&#8221;Poppins|700||on|||||&#8221; header_3_text_align=&#8221;center&#8221; header_3_text_color=&#8221;#4D4D4D&#8221; text_orientation=&#8221;center&#8221; custom_margin=&#8221;10px||10px||false|false&#8221; custom_padding=&#8221;0px||0px||false|false&#8221; global_colors_info=&#8221;{}&#8221;]<\/p>\n<h3>VOTRE PROJET EST NOTRE D\u00c9FI<\/h3>\n<p>[\/et_pb_text][et_pb_text _builder_version=&#8221;4.19.1&#8243; _module_preset=&#8221;default&#8221; text_font=&#8221;Poppins||||||||&#8221; text_font_size=&#8221;15px&#8221; link_text_color=&#8221;#4D4D4D&#8221; header_2_font=&#8221;Poppins|600|||||||&#8221; header_2_text_align=&#8221;center&#8221; header_2_text_color=&#8221;#4D4D4D&#8221; header_2_font_size=&#8221;36px&#8221; header_3_font=&#8221;Poppins|700||on|||||&#8221; header_3_text_align=&#8221;center&#8221; header_3_text_color=&#8221;#4D4D4D&#8221; text_orientation=&#8221;center&#8221; custom_margin=&#8221;10px||30px||false|false&#8221; custom_padding=&#8221;0px||0px||false|false&#8221; global_colors_info=&#8221;{}&#8221;]Appelez le <a href=\"tel:938205373\">938 205 373<\/a>, \u00e9crivez un e-mail \u00e0<br \/>\n<a href=\"mailto:administracio@tramitserveis.cat\">administracio@tramitserveis.cat<\/a> ou faites votre demande<br \/>\nen utilisant le formulaire suivant:[\/et_pb_text][et_pb_text _builder_version=&#8221;4.16&#8243; _module_preset=&#8221;default&#8221; text_font=&#8221;Poppins||||||||&#8221; global_colors_info=&#8221;{}&#8221;]<\/p>\n\n<div class=\"wpcf7 no-js\" id=\"wpcf7-f13712-o1\" lang=\"fr-FR\" dir=\"ltr\" data-wpcf7-id=\"13712\">\n<div class=\"screen-reader-response\"><p role=\"status\" aria-live=\"polite\" aria-atomic=\"true\"><\/p> <ul><\/ul><\/div>\n<form action=\"\/fr\/wp-json\/wp\/v2\/pages\/11083#wpcf7-f13712-o1\" method=\"post\" class=\"wpcf7-form init\" aria-label=\"Formulaire de contact\" novalidate=\"novalidate\" data-status=\"init\">\n<fieldset class=\"hidden-fields-container\"><input type=\"hidden\" name=\"_wpcf7\" value=\"13712\" \/><input type=\"hidden\" name=\"_wpcf7_version\" value=\"6.1.5\" \/><input type=\"hidden\" name=\"_wpcf7_locale\" value=\"fr_FR\" \/><input type=\"hidden\" name=\"_wpcf7_unit_tag\" value=\"wpcf7-f13712-o1\" \/><input type=\"hidden\" name=\"_wpcf7_container_post\" value=\"0\" \/><input type=\"hidden\" name=\"_wpcf7_posted_data_hash\" value=\"\" \/>\n<\/fieldset>\n<div class=\"caja-form-tramit\">\n\t<div class=\"grupo1\">\n\t\t<div>\n\t\t\t<p><span class=\"wpcf7-form-control-wrap\" data-name=\"your-name\"><input size=\"40\" maxlength=\"400\" class=\"wpcf7-form-control wpcf7-text wpcf7-validates-as-required\" aria-required=\"true\" aria-invalid=\"false\" placeholder=\"Nom*\" value=\"\" type=\"text\" name=\"your-name\" \/><\/span><br \/>\n<span class=\"wpcf7-form-control-wrap\" data-name=\"your-mail\"><input size=\"40\" maxlength=\"400\" class=\"wpcf7-form-control wpcf7-email wpcf7-validates-as-required wpcf7-text wpcf7-validates-as-email\" aria-required=\"true\" aria-invalid=\"false\" placeholder=\"Email*\" value=\"\" type=\"email\" name=\"your-mail\" \/><\/span><br \/>\n<span class=\"wpcf7-form-control-wrap\" data-name=\"your-tel\"><input size=\"40\" maxlength=\"400\" class=\"wpcf7-form-control wpcf7-tel wpcf7-validates-as-required wpcf7-text wpcf7-validates-as-tel\" aria-required=\"true\" aria-invalid=\"false\" placeholder=\"T\u00e9l\u00e9phone*\" value=\"\" type=\"tel\" name=\"your-tel\" \/><\/span>\n\t\t\t<\/p>\n\t\t<\/div>\n\t\t<div>\n\t\t\t<p><span class=\"wpcf7-form-control-wrap\" data-name=\"mensaje\"><textarea cols=\"40\" rows=\"10\" maxlength=\"2000\" class=\"wpcf7-form-control wpcf7-textarea wpcf7-validates-as-required\" aria-required=\"true\" aria-invalid=\"false\" placeholder=\"Commentaires*\" name=\"mensaje\"><\/textarea><\/span>\n\t\t\t<\/p>\n\t\t<\/div>\n\t<\/div>\n\t<p class=\"acepta-text\"><span class=\"wpcf7-form-control-wrap\" data-name=\"acepta\"><span class=\"wpcf7-form-control wpcf7-acceptance\"><span class=\"wpcf7-list-item\"><input type=\"checkbox\" name=\"acepta\" value=\"1\" aria-invalid=\"false\" \/><\/span><\/span><\/span> J'ai lu et j'accepte la <a href=\"\/politica-de-privacidad\/\">Politique de confidentialit\u00e9<\/a> et les <a href=\"\/aviso-legal\/\">Mentions l\u00e9gales<\/a>.\n\t<\/p>\n\t<p><span id=\"wpcf7-69f8f64bc5b3f-wrapper\" class=\"wpcf7-form-control-wrap email-wrap\" style=\"display:none !important; visibility:hidden !important;\"><label for=\"wpcf7-69f8f64bc5b3f-field\" class=\"hp-message\">Veuillez laisser ce champ vide.<\/label><input id=\"wpcf7-69f8f64bc5b3f-field\"  class=\"wpcf7-form-control wpcf7-text\" type=\"text\" name=\"email\" value=\"\" size=\"40\" tabindex=\"-1\" autocomplete=\"new-password\" \/><\/span>\n\t<\/p>\n\t<p><button class=\"wpcf7-form-control wpcf7-submit has-spinner et_pb_button et_pb_bg_layout_light\" type=\"submit\" value=\"CONTACTEZ-NOUS\">CONTACTEZ-NOUS<\/button>\n\t<\/p>\n<\/div><div class=\"wpcf7-response-output\" aria-hidden=\"true\"><\/div>\n<\/form>\n<\/div>\n\n<p>[\/et_pb_text][\/et_pb_column][et_pb_column type=&#8221;1_5&#8243; _builder_version=&#8221;4.16&#8243; _module_preset=&#8221;default&#8221; global_colors_info=&#8221;{}&#8221;][\/et_pb_column][\/et_pb_row][\/et_pb_section]<\/p>\n","protected":false},"excerpt":{"rendered":"<p>SERVICESDomaine RGPDSa sp\u00e9cialit\u00e9 principale est l\u2019application juridique, les ajustements organisationnels et le d\u00e9veloppement de processus dynamiques de nouvelles technologies de la communication et de l\u2019information dans les organisations, tant publiques que priv\u00e9es. Ce domaine offre une gamme de services personnels et sp\u00e9cialis\u00e9s qui impliquent de vraies solutions pour l\u2019entreprise: Services li\u00e9s au r\u00e8glement g\u00e9n\u00e9ral sur [&hellip;]<\/p>\n","protected":false},"author":1,"featured_media":0,"parent":0,"menu_order":0,"comment_status":"closed","ping_status":"closed","template":"","meta":{"_et_pb_use_builder":"on","_et_pb_old_content":"","_et_gb_content_width":"","footnotes":""},"class_list":["post-11083","page","type-page","status-publish","hentry"],"_links":{"self":[{"href":"https:\/\/tramitserveis.cat\/fr\/wp-json\/wp\/v2\/pages\/11083","targetHints":{"allow":["GET"]}}],"collection":[{"href":"https:\/\/tramitserveis.cat\/fr\/wp-json\/wp\/v2\/pages"}],"about":[{"href":"https:\/\/tramitserveis.cat\/fr\/wp-json\/wp\/v2\/types\/page"}],"author":[{"embeddable":true,"href":"https:\/\/tramitserveis.cat\/fr\/wp-json\/wp\/v2\/users\/1"}],"replies":[{"embeddable":true,"href":"https:\/\/tramitserveis.cat\/fr\/wp-json\/wp\/v2\/comments?post=11083"}],"version-history":[{"count":0,"href":"https:\/\/tramitserveis.cat\/fr\/wp-json\/wp\/v2\/pages\/11083\/revisions"}],"wp:attachment":[{"href":"https:\/\/tramitserveis.cat\/fr\/wp-json\/wp\/v2\/media?parent=11083"}],"curies":[{"name":"wp","href":"https:\/\/api.w.org\/{rel}","templated":true}]}}