{"id":9473,"date":"2022-02-28T17:54:39","date_gmt":"2022-02-28T16:54:39","guid":{"rendered":"http:\/\/tramitserveis.cat\/quienes-somos\/"},"modified":"2024-11-05T17:52:54","modified_gmt":"2024-11-05T16:52:54","slug":"quienes-somos","status":"publish","type":"page","link":"https:\/\/tramitserveis.cat\/es\/quienes-somos\/","title":{"rendered":"Qui\u00e9nes somos"},"content":{"rendered":"<p>[et_pb_section fb_built=&#8221;1&#8243; _builder_version=&#8221;4.16&#8243; _module_preset=&#8221;default&#8221; custom_margin=&#8221;0px||0px||false|false&#8221; custom_padding=&#8221;0px||0px||false|false&#8221; locked=&#8221;off&#8221; global_colors_info=&#8221;{}&#8221;][et_pb_row _builder_version=&#8221;4.16&#8243; _module_preset=&#8221;default&#8221; custom_padding=&#8221;50px||35px||false|false&#8221; global_colors_info=&#8221;{}&#8221;][et_pb_column type=&#8221;4_4&#8243; _builder_version=&#8221;4.16&#8243; _module_preset=&#8221;default&#8221; global_colors_info=&#8221;{}&#8221;][et_pb_text _builder_version=&#8221;4.24.3&#8243; _module_preset=&#8221;default&#8221; text_text_color=&#8221;#808080&#8243; text_font_size=&#8221;18px&#8221; header_3_font=&#8221;Poppins|500||on|||||&#8221; header_3_text_align=&#8221;center&#8221; header_3_text_color=&#8221;#808080&#8243; header_3_font_size=&#8221;18px&#8221; text_orientation=&#8221;center&#8221; custom_margin=&#8221;||0px||false|false&#8221; custom_padding=&#8221;||0px||false|false&#8221; global_colors_info=&#8221;{}&#8221;]<\/p>\n<p>QUI\u00c9NES SOMOS<\/p>\n<p>[\/et_pb_text][et_pb_text _builder_version=&#8221;4.24.3&#8243; _module_preset=&#8221;default&#8221; header_font=&#8221;|700|||||||&#8221; header_text_align=&#8221;center&#8221; header_2_font=&#8221;Poppins|600|||||||&#8221; header_2_text_align=&#8221;center&#8221; header_2_text_color=&#8221;#4D4D4D&#8221; header_2_font_size=&#8221;36px&#8221; header_3_font=&#8221;Poppins|500||on|||||&#8221; header_3_text_align=&#8221;center&#8221; header_3_text_color=&#8221;#808080&#8243; header_3_font_size=&#8221;18px&#8221; custom_margin=&#8221;10px||10px||false|false&#8221; custom_padding=&#8221;0px||0px||false|false&#8221; global_colors_info=&#8221;{}&#8221;]<\/p>\n<h1>Asesor\u00eda en Sant Cugat<\/h1>\n<p>[\/et_pb_text][et_pb_divider color=&#8221;#C82F3E&#8221; divider_position=&#8221;center&#8221; divider_weight=&#8221;4px&#8221; _builder_version=&#8221;4.16&#8243; _module_preset=&#8221;default&#8221; width=&#8221;46px&#8221; module_alignment=&#8221;center&#8221; custom_margin=&#8221;0px||0px||false|false&#8221; custom_padding=&#8221;0px||0px||false|false&#8221; global_colors_info=&#8221;{}&#8221;][\/et_pb_divider][\/et_pb_column][\/et_pb_row][et_pb_row column_structure=&#8221;3_5,2_5&#8243; _builder_version=&#8221;4.16&#8243; _module_preset=&#8221;default&#8221; custom_padding=&#8221;0px|10px||10px|false|true&#8221; global_colors_info=&#8221;{}&#8221;][et_pb_column type=&#8221;3_5&#8243; _builder_version=&#8221;4.16&#8243; _module_preset=&#8221;default&#8221; global_colors_info=&#8221;{}&#8221;][et_pb_text _builder_version=&#8221;4.24.3&#8243; _module_preset=&#8221;default&#8221; text_font=&#8221;Poppins||||||||&#8221; text_text_color=&#8221;#4D4D4D&#8221; text_font_size=&#8221;16px&#8221; link_text_color=&#8221;#4D4D4D&#8221; header_2_font=&#8221;Poppins|600|||||||&#8221; header_2_text_align=&#8221;center&#8221; header_2_text_color=&#8221;#4D4D4D&#8221; header_2_font_size=&#8221;36px&#8221; header_3_font=&#8221;Poppins|700||on|||||&#8221; header_3_text_align=&#8221;center&#8221; header_3_text_color=&#8221;#4D4D4D&#8221; custom_margin=&#8221;10px||30px||false|false&#8221; custom_padding=&#8221;0px||0px||false|false&#8221; locked=&#8221;off&#8221; global_colors_info=&#8221;{}&#8221;]<\/p>\n<p>TR\u00c1MIT es una <strong>asesor\u00eda en Sant Cugat para empresas, aut\u00f3nomos y particulares<\/strong>. Dispone de diferentes \u00e1reas de asesoramiento: <strong>contable, fiscal, laboral, financiera, jur\u00eddica, gestiones administrativas, seguros y tr\u00e1fico<\/strong>.<\/p>\n<p>La empresa naci\u00f3 a principios de 1998 en <strong>Sant Cugat del Vall\u00e8s<\/strong> de la mano de unos j\u00f3venes profesionales con el af\u00e1n de dar asesoramiento empresarial multidisciplinar, eficiente, personalizado, aplicando las nuevas tecnolog\u00edas tanto a peque\u00f1as, medianas empresas y particulares. Nuestro valor m\u00e1s importante es la satisfacci\u00f3n y la excelencia al cliente.<\/p>\n<p>Desde el inicio Tr\u00e1mite ofrece un servicio integral a los nuevos emprendedores desde la idea inicial de un determinado proyecto hasta su implantaci\u00f3n efectiva en el mercado, as\u00ed como el proceso de transformaci\u00f3n o cierre. Nuestros servicios engloban desde la <strong>creaci\u00f3n, estrategia financiera, econ\u00f3mica, fiscal, contable, legal y laboral<\/strong> y su posterior seguimiento y continuidad en todos estos \u00e1mbitos.<\/p>\n<p>Gracias a disponer de un equipo joven y competitivo, Tr\u00e0mit Sant Cugat es una empresa ampliamente consolidada en el sector con clientes locales y de todo el mundo que se est\u00e1n implantando en Catalu\u00f1a, ofreciendo un acompa\u00f1amiento profesional de calidad y confianza de forma continua.<\/p>\n<p>Nuestro reto es el \u00e9xito de cada uno de nuestros clientes.<\/p>\n<p>[\/et_pb_text][et_pb_code _builder_version=&#8221;4.18.0&#8243; _module_preset=&#8221;default&#8221; global_colors_info=&#8221;{}&#8221;]<iframe loading=\"lazy\" width=\"560\" height=\"315\" src=\"https:\/\/www.youtube-nocookie.com\/embed\/acQl3kKi_3M?rel=0\" title=\"YouTube video player\" frameborder=\"0\" allow=\"accelerometer; autoplay; clipboard-write; encrypted-media; gyroscope; picture-in-picture\" allowfullscreen><\/iframe>[\/et_pb_code][\/et_pb_column][et_pb_column type=&#8221;2_5&#8243; _builder_version=&#8221;4.16&#8243; _module_preset=&#8221;default&#8221; global_colors_info=&#8221;{}&#8221;][et_pb_image src=&#8221;http:\/\/tramitserveis.cat\/wp-content\/uploads\/2024\/10\/SUSANNA-TOMAS-TRAMIT.webp&#8221; alt=&#8221;asesor\u00eda sant cugat&#8221; title_text=&#8221;SUSANNA-TOMAS-TRAMIT&#8221; align=&#8221;center&#8221; disabled_on=&#8221;off|off|off&#8221; _builder_version=&#8221;4.24.3&#8243; _module_preset=&#8221;default&#8221; height=&#8221;230px&#8221; locked=&#8221;off&#8221; global_colors_info=&#8221;{}&#8221; src__hover_enabled=&#8221;off|desktop&#8221;][\/et_pb_image][et_pb_text _builder_version=&#8221;4.24.3&#8243; _module_preset=&#8221;default&#8221; text_font=&#8221;|600|||||||&#8221; text_text_color=&#8221;#C82F3E&#8221; text_font_size=&#8221;16px&#8221; text_line_height=&#8221;2em&#8221; header_4_font=&#8221;Poppins|600|||||||&#8221; header_4_text_align=&#8221;center&#8221; header_4_text_color=&#8221;#C82F3E&#8221; header_4_font_size=&#8221;16px&#8221; text_orientation=&#8221;center&#8221; custom_margin=&#8221;-26px||0px||false|false&#8221; custom_margin_tablet=&#8221;||-10px||false|false&#8221; custom_margin_phone=&#8221;||-10px||false|false&#8221; custom_margin_last_edited=&#8221;on|tablet&#8221; custom_padding=&#8221;0px||0px||true|false&#8221; locked=&#8221;off&#8221; global_colors_info=&#8221;{}&#8221;]<\/p>\n<p>SUSANNA<strong> TOM\u00c1S AMBROSIO<\/strong><\/p>\n<p>[\/et_pb_text][et_pb_image src=&#8221;http:\/\/tramitserveis.cat\/wp-content\/uploads\/2024\/10\/JORDI-PLA-TRAMIT-1.webp&#8221; alt=&#8221;asesor\u00eda sant cugat&#8221; title_text=&#8221;JORDI-PLA-TRAMIT-1&#8243; align=&#8221;center&#8221; disabled_on=&#8221;off|off|off&#8221; _builder_version=&#8221;4.24.3&#8243; _module_preset=&#8221;default&#8221; height=&#8221;230px&#8221; locked=&#8221;off&#8221; global_colors_info=&#8221;{}&#8221; src__hover_enabled=&#8221;off|desktop&#8221;][\/et_pb_image][et_pb_text _builder_version=&#8221;4.24.3&#8243; _module_preset=&#8221;default&#8221; text_font=&#8221;|700||on|||||&#8221; text_text_color=&#8221;#C82F3E&#8221; text_font_size=&#8221;16px&#8221; text_line_height=&#8221;2em&#8221; header_4_font=&#8221;Poppins|600|||||||&#8221; header_4_text_align=&#8221;center&#8221; header_4_text_color=&#8221;#C82F3E&#8221; header_4_font_size=&#8221;16px&#8221; custom_margin=&#8221;-26px||0px||false|false&#8221; custom_margin_tablet=&#8221;||-10px||false|false&#8221; custom_margin_phone=&#8221;||-10px||false|false&#8221; custom_margin_last_edited=&#8221;on|tablet&#8221; custom_padding=&#8221;0px||0px||true|false&#8221; locked=&#8221;off&#8221; global_colors_info=&#8221;{}&#8221;]<\/p>\n<p style=\"text-align: center;\">Jordi Pla Alcaraz<\/p>\n<p>[\/et_pb_text][et_pb_button button_url=&#8221;https:\/\/tramitserveis.cat\/es\/contacto\/&#8221; button_text=&#8221;\u00bfHABLAMOS?&#8221; button_alignment=&#8221;center&#8221; disabled_on=&#8221;on|on|off&#8221; _builder_version=&#8221;4.24.3&#8243; _module_preset=&#8221;default&#8221; button_text_size=&#8221;14px&#8221; button_border_width=&#8221;0px&#8221; button_border_radius=&#8221;30px&#8221; button_icon=&#8221;&#xf075;||fa||400&#8243; button_icon_placement=&#8221;left&#8221; button_on_hover=&#8221;off&#8221; custom_margin=&#8221;12px||||false|false&#8221; custom_padding=&#8221;10px|40px|10px|55px|false|false&#8221; locked=&#8221;off&#8221; global_colors_info=&#8221;{}&#8221;][\/et_pb_button][\/et_pb_column][\/et_pb_row][\/et_pb_section][et_pb_section fb_built=&#8221;1&#8243; disabled_on=&#8221;on|on|on&#8221; _builder_version=&#8221;4.18.0&#8243; _module_preset=&#8221;default&#8221; custom_margin=&#8221;0px||0px||false|false&#8221; custom_padding=&#8221;0px||0px||false|false&#8221; disabled=&#8221;on&#8221; locked=&#8221;off&#8221; global_colors_info=&#8221;{}&#8221;][et_pb_row _builder_version=&#8221;4.16&#8243; _module_preset=&#8221;default&#8221; custom_padding=&#8221;50px||45px||false|false&#8221; global_colors_info=&#8221;{}&#8221;][et_pb_column type=&#8221;4_4&#8243; _builder_version=&#8221;4.16&#8243; _module_preset=&#8221;default&#8221; global_colors_info=&#8221;{}&#8221;][et_pb_text _builder_version=&#8221;4.16&#8243; _module_preset=&#8221;default&#8221; header_3_font=&#8221;Poppins|500||on|||||&#8221; header_3_text_align=&#8221;center&#8221; header_3_text_color=&#8221;#808080&#8243; header_3_font_size=&#8221;18px&#8221; custom_margin=&#8221;||0px||false|false&#8221; custom_padding=&#8221;||0px||false|false&#8221; global_colors_info=&#8221;{}&#8221;]<\/p>\n<h3>TR\u00c0MIT SERVEIS<\/h3>\n<p>[\/et_pb_text][et_pb_text _builder_version=&#8221;4.16&#8243; _module_preset=&#8221;default&#8221; header_2_font=&#8221;Poppins|600|||||||&#8221; header_2_text_align=&#8221;center&#8221; header_2_text_color=&#8221;#4D4D4D&#8221; header_2_font_size=&#8221;36px&#8221; header_3_font=&#8221;Poppins|500||on|||||&#8221; header_3_text_align=&#8221;center&#8221; header_3_text_color=&#8221;#808080&#8243; header_3_font_size=&#8221;18px&#8221; custom_margin=&#8221;10px||10px||false|false&#8221; custom_padding=&#8221;0px||0px||false|false&#8221; global_colors_info=&#8221;{}&#8221;]<\/p>\n<h2>Clientes que conf\u00edan en nosotros<\/h2>\n<p>[\/et_pb_text][et_pb_divider color=&#8221;#C82F3E&#8221; divider_position=&#8221;center&#8221; divider_weight=&#8221;4px&#8221; _builder_version=&#8221;4.16&#8243; _module_preset=&#8221;default&#8221; width=&#8221;46px&#8221; module_alignment=&#8221;center&#8221; custom_margin=&#8221;0px||0px||false|false&#8221; custom_padding=&#8221;0px||0px||false|false&#8221; global_colors_info=&#8221;{}&#8221;][\/et_pb_divider][\/et_pb_column][\/et_pb_row][\/et_pb_section][et_pb_section fb_built=&#8221;1&#8243; custom_padding_last_edited=&#8221;on|tablet&#8221; disabled_on=&#8221;on|on|on&#8221; _builder_version=&#8221;4.18.0&#8243; _module_preset=&#8221;default&#8221; background_image=&#8221;http:\/\/tramitserveis.cat\/wp-content\/uploads\/2022\/02\/mapa.jpg&#8221; background_size=&#8221;contain&#8221; custom_padding=&#8221;76px||76px||true|false&#8221; custom_padding_tablet=&#8221;36px||36px||true|false&#8221; custom_padding_phone=&#8221;36px||36px||true|false&#8221; disabled=&#8221;on&#8221; global_colors_info=&#8221;{}&#8221;][et_pb_row column_structure=&#8221;1_5,1_5,1_5,1_5,1_5&#8243; _builder_version=&#8221;4.16&#8243; _module_preset=&#8221;default&#8221; global_colors_info=&#8221;{}&#8221;][et_pb_column type=&#8221;1_5&#8243; _builder_version=&#8221;4.16&#8243; _module_preset=&#8221;default&#8221; global_colors_info=&#8221;{}&#8221;][et_pb_image src=&#8221;http:\/\/tramitserveis.cat\/wp-content\/uploads\/2022\/02\/atlas.jpg&#8221; title_text=&#8221;atlas&#8221; align=&#8221;center&#8221; _builder_version=&#8221;4.16&#8243; _module_preset=&#8221;default&#8221; global_colors_info=&#8221;{}&#8221;][\/et_pb_image][\/et_pb_column][et_pb_column type=&#8221;1_5&#8243; _builder_version=&#8221;4.16&#8243; _module_preset=&#8221;default&#8221; global_colors_info=&#8221;{}&#8221;][et_pb_image src=&#8221;http:\/\/tramitserveis.cat\/wp-content\/uploads\/2022\/02\/mediafigaro.jpg&#8221; title_text=&#8221;mediafigaro&#8221; align=&#8221;center&#8221; _builder_version=&#8221;4.16&#8243; _module_preset=&#8221;default&#8221; global_colors_info=&#8221;{}&#8221;][\/et_pb_image][\/et_pb_column][et_pb_column type=&#8221;1_5&#8243; _builder_version=&#8221;4.16&#8243; _module_preset=&#8221;default&#8221; global_colors_info=&#8221;{}&#8221;][et_pb_image src=&#8221;http:\/\/tramitserveis.cat\/wp-content\/uploads\/2022\/02\/grupom.jpg&#8221; title_text=&#8221;grupom&#8221; align=&#8221;center&#8221; _builder_version=&#8221;4.16&#8243; _module_preset=&#8221;default&#8221; global_colors_info=&#8221;{}&#8221;][\/et_pb_image][\/et_pb_column][et_pb_column type=&#8221;1_5&#8243; _builder_version=&#8221;4.16&#8243; _module_preset=&#8221;default&#8221; global_colors_info=&#8221;{}&#8221;][et_pb_image src=&#8221;http:\/\/tramitserveis.cat\/wp-content\/uploads\/2022\/02\/cedexis.jpg&#8221; title_text=&#8221;cedexis&#8221; align=&#8221;center&#8221; _builder_version=&#8221;4.16&#8243; _module_preset=&#8221;default&#8221; global_colors_info=&#8221;{}&#8221;][\/et_pb_image][\/et_pb_column][et_pb_column type=&#8221;1_5&#8243; _builder_version=&#8221;4.16&#8243; _module_preset=&#8221;default&#8221; global_colors_info=&#8221;{}&#8221;][et_pb_image src=&#8221;http:\/\/tramitserveis.cat\/wp-content\/uploads\/2022\/02\/mediafigaro.jpg&#8221; title_text=&#8221;mediafigaro&#8221; align=&#8221;center&#8221; _builder_version=&#8221;4.16&#8243; _module_preset=&#8221;default&#8221; global_colors_info=&#8221;{}&#8221;][\/et_pb_image][\/et_pb_column][\/et_pb_row][\/et_pb_section][et_pb_section fb_built=&#8221;1&#8243; module_id=&#8221;formulario-inferior&#8221; _builder_version=&#8221;4.24.3&#8243; _module_preset=&#8221;default&#8221; background_color=&#8221;gcid-7b5b8fb6-8a50-4f34-ada3-fa6f5a19ba02&#8243; background_enable_image=&#8221;off&#8221; custom_padding=&#8221;10px||10px||true|false&#8221; border_width_bottom=&#8221;1px&#8221; border_color_bottom=&#8221;#808080&#8243; global_module=&#8221;13970&#8243; saved_tabs=&#8221;all&#8221; global_colors_info=&#8221;{%22gcid-7b5b8fb6-8a50-4f34-ada3-fa6f5a19ba02%22:%91%22background_color%22%93}&#8221;][et_pb_row column_structure=&#8221;2_5,3_5&#8243; _builder_version=&#8221;4.16&#8243; _module_preset=&#8221;default&#8221; global_colors_info=&#8221;{}&#8221;][et_pb_column type=&#8221;2_5&#8243; _builder_version=&#8221;4.16&#8243; _module_preset=&#8221;default&#8221; global_colors_info=&#8221;{}&#8221;][et_pb_text _builder_version=&#8221;4.24.3&#8243; _module_preset=&#8221;default&#8221; text_font=&#8221;Poppins||||||||&#8221; text_text_color=&#8221;#4D4D4D&#8221; text_font_size=&#8221;30px&#8221; link_text_color=&#8221;#4D4D4D&#8221; header_2_font=&#8221;Poppins|600|||||||&#8221; header_2_text_align=&#8221;left&#8221; header_2_text_color=&#8221;#4D4D4D&#8221; header_2_font_size=&#8221;36px&#8221; header_3_font=&#8221;Poppins|700||on|||||&#8221; header_3_text_align=&#8221;center&#8221; header_3_text_color=&#8221;#4D4D4D&#8221; text_orientation=&#8221;center&#8221; custom_margin=&#8221;10px||10px||false|false&#8221; custom_padding=&#8221;0px||0px||false|false&#8221; global_colors_info=&#8221;{}&#8221;]<\/p>\n<h2>Cont\u00e1ctanos si necesitas una gestor\u00eda en Sant Cugat<\/h2>\n<p>[\/et_pb_text][et_pb_text _builder_version=&#8221;4.24.3&#8243; _module_preset=&#8221;default&#8221; text_font=&#8221;Poppins|700|||||||&#8221; text_text_color=&#8221;#C82F3E&#8221; text_font_size=&#8221;22px&#8221; link_text_color=&#8221;#4D4D4D&#8221; header_text_align=&#8221;left&#8221; header_2_font=&#8221;Poppins|600|||||||&#8221; header_2_text_align=&#8221;left&#8221; header_2_text_color=&#8221;#4D4D4D&#8221; header_2_font_size=&#8221;36px&#8221; header_3_font=&#8221;Poppins|700||on|||||&#8221; header_3_text_align=&#8221;left&#8221; header_3_text_color=&#8221;#4D4D4D&#8221; custom_margin=&#8221;10px||10px||false|false&#8221; custom_padding=&#8221;0px||5px||false|false&#8221; locked=&#8221;off&#8221; global_colors_info=&#8221;{}&#8221;]<\/p>\n<p>Tu proyecto es nuestro reto\u00a0<\/p>\n<p>[\/et_pb_text][et_pb_text _builder_version=&#8221;4.24.3&#8243; _module_preset=&#8221;default&#8221; text_font=&#8221;Poppins||||||||&#8221; text_font_size=&#8221;15px&#8221; link_text_color=&#8221;#4D4D4D&#8221; header_2_font=&#8221;Poppins|600|||||||&#8221; header_2_text_align=&#8221;center&#8221; header_2_text_color=&#8221;#4D4D4D&#8221; header_2_font_size=&#8221;36px&#8221; header_3_font=&#8221;Poppins|700||on|||||&#8221; header_3_text_align=&#8221;center&#8221; header_3_text_color=&#8221;#4D4D4D&#8221; custom_margin=&#8221;10px||30px||false|false&#8221; custom_padding=&#8221;0px||0px||false|false&#8221; global_colors_info=&#8221;{}&#8221;]<\/p>\n<p>Llama al <a href=\"tel:938205373\" target=\"_blank\" rel=\"noopener\"><strong>938 205 373<\/strong><\/a>, escribe un e-mail a<br \/><a href=\"mailto:administracio@tramitserveis.cat\" target=\"_blank\" rel=\"noopener\"><strong>administracio@tramitserveis.cat<\/strong><\/a> o realiza tu consulta en el siguiente formulario:<\/p>\n<p>[\/et_pb_text][dsm_icon_list icon_color=&#8221;#C82F3E&#8221; icon_padding=&#8221;8px&#8221; icon_font_size=&#8221;17px&#8221; list_vertical_alignment=&#8221;flex-start&#8221; list_space_between=&#8221;5px&#8221; _builder_version=&#8221;4.24.3&#8243; _module_preset=&#8221;default&#8221; text_font=&#8221;Poppins||||||||&#8221; text_text_color=&#8221;#4D4D4D&#8221; text_font_size=&#8221;15px&#8221; custom_margin=&#8221;||10px||false|false&#8221; custom_margin_tablet=&#8221;&#8221; custom_margin_phone=&#8221;|||-6px|false|false&#8221; custom_margin_last_edited=&#8221;on|phone&#8221; custom_padding=&#8221;||0px||false|false&#8221; custom_padding_tablet=&#8221;&#8221; custom_padding_phone=&#8221;||||false|false&#8221; custom_padding_last_edited=&#8221;on|phone&#8221; locked=&#8221;off&#8221; global_colors_info=&#8221;{}&#8221; text_text_color__hover_enabled=&#8221;on|hover&#8221; text_text_color__hover=&#8221;#C82F3E&#8221;][dsm_icon_list_child text=&#8221;C\/ Martorell, 8 08172 Sant Cugat del Vall\u00e8s&#8221; font_icon=&#8221;&#xe081;||divi||400&#8243; icon_color=&#8221;#C82F3E&#8221; url=&#8221;https:\/\/goo.gl\/maps\/f1MdwHcgms4X5H2B7&#8243; _builder_version=&#8221;4.24.3&#8243; _module_preset=&#8221;default&#8221; global_colors_info=&#8221;{}&#8221;][\/dsm_icon_list_child][dsm_icon_list_child text=&#8221;+34 938 205 373&#8243; font_icon=&#8221;&#xe090;||divi||400&#8243; icon_color=&#8221;#C82F3E&#8221; icon_padding=&#8221;8px&#8221; url=&#8221;tel:+34938205373&#8243; url_new_window=&#8221;on&#8221; _builder_version=&#8221;4.24.3&#8243; _module_preset=&#8221;default&#8221; custom_padding=&#8221;||||false|false&#8221; global_colors_info=&#8221;{}&#8221;][\/dsm_icon_list_child][dsm_icon_list_child text=&#8221;administracio@tramitserveis.cat&#8221; font_icon=&#8221;&#xe010;||divi||400&#8243; icon_color=&#8221;#C82F3E&#8221; icon_padding=&#8221;8px&#8221; url=&#8221;mailto:administracio@tramitserveis.cat&#8221; url_new_window=&#8221;on&#8221; _builder_version=&#8221;4.16&#8243; _module_preset=&#8221;default&#8221; custom_padding=&#8221;||||false|false&#8221; global_colors_info=&#8221;{}&#8221;][\/dsm_icon_list_child][\/dsm_icon_list][\/et_pb_column][et_pb_column type=&#8221;3_5&#8243; _builder_version=&#8221;4.16&#8243; _module_preset=&#8221;default&#8221; global_colors_info=&#8221;{}&#8221;][et_pb_text _builder_version=&#8221;4.24.3&#8243; _module_preset=&#8221;default&#8221; text_font=&#8221;Poppins||||||||&#8221; global_colors_info=&#8221;{}&#8221;]<\/p>\n<p class=\"p1\">\n<div class=\"wpcf7 no-js\" id=\"wpcf7-f9440-o1\" lang=\"es-ES\" dir=\"ltr\" data-wpcf7-id=\"9440\">\n<div class=\"screen-reader-response\"><p role=\"status\" aria-live=\"polite\" aria-atomic=\"true\"><\/p> <ul><\/ul><\/div>\n<form action=\"\/es\/wp-json\/wp\/v2\/pages\/9473#wpcf7-f9440-o1\" method=\"post\" class=\"wpcf7-form init\" aria-label=\"Formulario de contacto\" novalidate=\"novalidate\" data-status=\"init\">\n<fieldset class=\"hidden-fields-container\"><input type=\"hidden\" name=\"_wpcf7\" value=\"9440\" \/><input type=\"hidden\" name=\"_wpcf7_version\" value=\"6.1.5\" \/><input type=\"hidden\" name=\"_wpcf7_locale\" value=\"es_ES\" \/><input type=\"hidden\" name=\"_wpcf7_unit_tag\" value=\"wpcf7-f9440-o1\" \/><input type=\"hidden\" name=\"_wpcf7_container_post\" value=\"0\" \/><input type=\"hidden\" name=\"_wpcf7_posted_data_hash\" value=\"\" \/>\n<\/fieldset>\n<div class=\"caja-form-tramit\">\n\t<div class=\"grupo1\">\n\t\t<div>\n\t\t\t<p><span class=\"wpcf7-form-control-wrap\" data-name=\"your-name\"><input size=\"40\" maxlength=\"400\" class=\"wpcf7-form-control wpcf7-text wpcf7-validates-as-required\" aria-required=\"true\" aria-invalid=\"false\" placeholder=\"Nombre*\" value=\"\" type=\"text\" name=\"your-name\" \/><\/span><br \/>\n<span class=\"wpcf7-form-control-wrap\" data-name=\"your-mail\"><input size=\"40\" maxlength=\"400\" class=\"wpcf7-form-control wpcf7-email wpcf7-validates-as-required wpcf7-text wpcf7-validates-as-email\" aria-required=\"true\" aria-invalid=\"false\" placeholder=\"Email*\" value=\"\" type=\"email\" name=\"your-mail\" \/><\/span><br \/>\n<span class=\"wpcf7-form-control-wrap\" data-name=\"your-tel\"><input size=\"40\" maxlength=\"400\" class=\"wpcf7-form-control wpcf7-tel wpcf7-validates-as-required wpcf7-text wpcf7-validates-as-tel\" aria-required=\"true\" aria-invalid=\"false\" placeholder=\"Tel\u00e9fono*\" value=\"\" type=\"tel\" name=\"your-tel\" \/><\/span>\n\t\t\t<\/p>\n\t\t<\/div>\n\t\t<div>\n\t\t\t<p><span class=\"wpcf7-form-control-wrap\" data-name=\"mensaje\"><textarea cols=\"40\" rows=\"10\" maxlength=\"2000\" class=\"wpcf7-form-control wpcf7-textarea wpcf7-validates-as-required\" aria-required=\"true\" aria-invalid=\"false\" placeholder=\"Comentarios*\" name=\"mensaje\"><\/textarea><\/span>\n\t\t\t<\/p>\n\t\t<\/div>\n\t<\/div>\n\t<p class=\"acepta-text\"><span class=\"wpcf7-form-control-wrap\" data-name=\"acepta\"><span class=\"wpcf7-form-control wpcf7-acceptance\"><span class=\"wpcf7-list-item\"><label><input type=\"checkbox\" name=\"acepta\" value=\"1\" aria-invalid=\"false\" \/><span class=\"wpcf7-list-item-label\">He le\u00eddo y acepto la <a href=\"\/politica-de-privacidad\/\">Pol\u00edtica de Privacidad<\/a> y el <a href=\"\/aviso-legal\/\">Aviso Legal<\/a><\/p><\/span><\/label><\/span><\/span><\/span>\n\t<\/p>\n\t<p><button class=\"wpcf7-form-control wpcf7-submit has-spinner et_pb_button et_pb_bg_layout_light\" type=\"submit\" value=\"CONT\u00c1CTANOS\">CONT\u00c1CTANOS<\/button>\n\t<\/p>\n<\/div><div class=\"wpcf7-response-output\" aria-hidden=\"true\"><\/div>\n<\/form>\n<\/div>\n<\/p>\n<p>[\/et_pb_text][\/et_pb_column][\/et_pb_row][\/et_pb_section]<\/p>\n","protected":false},"excerpt":{"rendered":"<p>QUI\u00c9NES SOMOSAsesor\u00eda en Sant CugatTR\u00c1MIT es una asesor\u00eda en Sant Cugat para empresas, aut\u00f3nomos y particulares. Dispone de diferentes \u00e1reas de asesoramiento: contable, fiscal, laboral, financiera, jur\u00eddica, gestiones administrativas, seguros y tr\u00e1fico. La empresa naci\u00f3 a principios de 1998 en Sant Cugat del Vall\u00e8s de la mano de unos j\u00f3venes profesionales con el af\u00e1n de [&hellip;]<\/p>\n","protected":false},"author":1,"featured_media":0,"parent":0,"menu_order":0,"comment_status":"closed","ping_status":"closed","template":"","meta":{"_et_pb_use_builder":"on","_et_pb_old_content":"","_et_gb_content_width":"","footnotes":""},"class_list":["post-9473","page","type-page","status-publish","hentry"],"_links":{"self":[{"href":"https:\/\/tramitserveis.cat\/es\/wp-json\/wp\/v2\/pages\/9473","targetHints":{"allow":["GET"]}}],"collection":[{"href":"https:\/\/tramitserveis.cat\/es\/wp-json\/wp\/v2\/pages"}],"about":[{"href":"https:\/\/tramitserveis.cat\/es\/wp-json\/wp\/v2\/types\/page"}],"author":[{"embeddable":true,"href":"https:\/\/tramitserveis.cat\/es\/wp-json\/wp\/v2\/users\/1"}],"replies":[{"embeddable":true,"href":"https:\/\/tramitserveis.cat\/es\/wp-json\/wp\/v2\/comments?post=9473"}],"version-history":[{"count":0,"href":"https:\/\/tramitserveis.cat\/es\/wp-json\/wp\/v2\/pages\/9473\/revisions"}],"wp:attachment":[{"href":"https:\/\/tramitserveis.cat\/es\/wp-json\/wp\/v2\/media?parent=9473"}],"curies":[{"name":"wp","href":"https:\/\/api.w.org\/{rel}","templated":true}]}}