{"id":9360,"date":"2022-09-28T07:13:30","date_gmt":"2022-09-28T05:13:30","guid":{"rendered":"http:\/\/tramitserveis.cat\/area-lopd\/"},"modified":"2023-01-05T13:46:53","modified_gmt":"2023-01-05T12:46:53","slug":"gestoria-lopd-sant-cugat-asesoria","status":"publish","type":"page","link":"https:\/\/tramitserveis.cat\/es\/gestoria-lopd-sant-cugat-asesoria\/","title":{"rendered":"\u00c1rea LOPD"},"content":{"rendered":"<p>[et_pb_section fb_built=&#8221;1&#8243; _builder_version=&#8221;4.16&#8243; _module_preset=&#8221;default&#8221; custom_margin=&#8221;0px||0px||false|false&#8221; custom_padding=&#8221;0px||0px||false|false&#8221; locked=&#8221;off&#8221; global_colors_info=&#8221;{}&#8221;][et_pb_row _builder_version=&#8221;4.16&#8243; _module_preset=&#8221;default&#8221; custom_padding=&#8221;60px|11px|0px|11px|false|true&#8221; global_colors_info=&#8221;{}&#8221;][et_pb_column type=&#8221;4_4&#8243; _builder_version=&#8221;4.16&#8243; _module_preset=&#8221;default&#8221; global_colors_info=&#8221;{}&#8221;][et_pb_text _builder_version=&#8221;4.19.2&#8243; _module_preset=&#8221;default&#8221; header_2_font=&#8221;Poppins|600|||||||&#8221; header_2_text_align=&#8221;center&#8221; header_2_text_color=&#8221;#4D4D4D&#8221; header_2_font_size=&#8221;36px&#8221; header_3_font=&#8221;Poppins|500||on|||||&#8221; header_3_text_align=&#8221;center&#8221; header_3_text_color=&#8221;#808080&#8243; header_3_font_size=&#8221;18px&#8221; custom_margin=&#8221;10px||10px||false|false&#8221; custom_padding=&#8221;0px||0px||false|false&#8221; hover_enabled=&#8221;0&#8243; global_colors_info=&#8221;{}&#8221; sticky_enabled=&#8221;0&#8243;]<\/p>\n<h1 style=\"text-align: center;\"><strong>Gestor\u00eda LOPD en Sant Cugat<\/strong><\/h1>\n<p>[\/et_pb_text][et_pb_image src=&#8221;http:\/\/tramitserveis.cat\/wp-content\/uploads\/2022\/02\/area-LOPD.svg&#8221; title_text=&#8221;area LOPD&#8221; align=&#8221;center&#8221; _builder_version=&#8221;4.16&#8243; _module_preset=&#8221;default&#8221; width=&#8221;160px&#8221; min_height=&#8221;50px&#8221; custom_margin=&#8221;||35px||false|false&#8221; custom_padding=&#8221;||0px||false|false&#8221; locked=&#8221;off&#8221; global_colors_info=&#8221;{}&#8221;][\/et_pb_image][\/et_pb_column][\/et_pb_row][\/et_pb_section][et_pb_section fb_built=&#8221;1&#8243; module_id=&#8221;contenido-servicios&#8221; _builder_version=&#8221;4.16&#8243; _module_preset=&#8221;default&#8221; custom_margin=&#8221;0px||0px||true|false&#8221; custom_padding=&#8221;0px||60px||false|false&#8221; locked=&#8221;off&#8221; global_colors_info=&#8221;{}&#8221;][et_pb_row use_custom_gutter=&#8221;on&#8221; gutter_width=&#8221;1&#8243; _builder_version=&#8221;4.16&#8243; _module_preset=&#8221;default&#8221; custom_margin=&#8221;0px||||false|false&#8221; custom_padding=&#8221;0px|10px||10px|false|true&#8221; global_colors_info=&#8221;{}&#8221;][et_pb_column type=&#8221;4_4&#8243; _builder_version=&#8221;4.16&#8243; _module_preset=&#8221;default&#8221; global_colors_info=&#8221;{}&#8221;][et_pb_text ul_item_indent=&#8221;2em&#8221; _builder_version=&#8221;4.16&#8243; _module_preset=&#8221;default&#8221; text_font=&#8221;Poppins||||||||&#8221; text_text_color=&#8221;#4D4D4D&#8221; text_font_size=&#8221;15px&#8221; ul_font=&#8221;Poppins||||||||&#8221; ul_text_color=&#8221;#4D4D4D&#8221; ul_font_size=&#8221;15px&#8221; global_colors_info=&#8221;{}&#8221;]<\/p>\n<p><strong>Gestor\u00eda LOPD en Sant Cugat:<\/strong> Esta \u00e1rea tiene como principal especialidad la aplicaci\u00f3n legal, las adecuaciones organizativas y el desarrollo de procesos dinamizados de las nuevas tecnolog\u00edas de la comunicaci\u00f3n y de la informaci\u00f3n en las organizaciones, tanto p\u00fablicas como privadas. Ofrecemos una gama de servicios personales y especializados que comportan verdaderas soluciones para la empresa:<\/p>\n<p>[\/et_pb_text][\/et_pb_column][\/et_pb_row][et_pb_row column_structure=&#8221;1_2,1_2&#8243; use_custom_gutter=&#8221;on&#8221; gutter_width=&#8221;1&#8243; _builder_version=&#8221;4.16&#8243; _module_preset=&#8221;default&#8221; custom_margin=&#8221;0px||||false|false&#8221; custom_padding=&#8221;0px|10px||10px|false|true&#8221; global_colors_info=&#8221;{}&#8221;][et_pb_column type=&#8221;1_2&#8243; _builder_version=&#8221;4.16&#8243; _module_preset=&#8221;default&#8221; global_colors_info=&#8221;{}&#8221;][et_pb_text ul_item_indent=&#8221;2em&#8221; _builder_version=&#8221;4.16&#8243; _module_preset=&#8221;default&#8221; text_font=&#8221;Poppins||||||||&#8221; text_text_color=&#8221;#4D4D4D&#8221; text_font_size=&#8221;15px&#8221; ul_font=&#8221;Poppins||||||||&#8221; ul_text_color=&#8221;#4D4D4D&#8221; ul_font_size=&#8221;15px&#8221; global_colors_info=&#8221;{}&#8221;]<\/p>\n<ul>\n<li>Servicios relacionados con Ley Org\u00e1nica de Protecci\u00f3n de Datos (LOPD)<\/li>\n<li>Adaptaci\u00f3n a la LOPD<\/li>\n<li>Auditor\u00eda bienal<\/li>\n<li>Programa de mantenimiento<\/li>\n<li>Elaboraci\u00f3n de C\u00f3digos Tipo<\/li>\n<li>Creaci\u00f3n y desarrollo de Comit\u00e9s de Seguridad<\/li>\n<li>Servicios relacionados con Ley de Servicios de la Sociedad de la Informaci\u00f3n y el Comercio Electr\u00f3nico (LSSICE)<\/li>\n<li>Auditor\u00eda de p\u00e1gina web<\/li>\n<li>Adaptaci\u00f3n a la LSSICE<\/li>\n<li>Programas de mantenimiento<\/li>\n<li>Servicios ante inspecciones<\/li>\n<li>Acciones previas a la inspecci\u00f3n<\/li>\n<li>Presencia en la acci\u00f3n inspectora<\/li>\n<li>Redacci\u00f3n y presentaci\u00f3n de escritos ante las autoridades administrativas<\/li>\n<li>Defensa jur\u00eddica integral<\/li>\n<li>Asesoramiento en nuevas tecnolog\u00edas<\/li>\n<li>Firma electr\u00f3nica<\/li>\n<li>Factura telem\u00e1tica<\/li>\n<li>E-commerce<\/li>\n<\/ul>\n<p>[\/et_pb_text][\/et_pb_column][et_pb_column type=&#8221;1_2&#8243; _builder_version=&#8221;4.16&#8243; _module_preset=&#8221;default&#8221; global_colors_info=&#8221;{}&#8221;][et_pb_text ul_item_indent=&#8221;2em&#8221; _builder_version=&#8221;4.16&#8243; _module_preset=&#8221;default&#8221; text_font=&#8221;Poppins||||||||&#8221; text_text_color=&#8221;#4D4D4D&#8221; text_font_size=&#8221;15px&#8221; ul_font=&#8221;Poppins||||||||&#8221; ul_text_color=&#8221;#4D4D4D&#8221; ul_font_size=&#8221;15px&#8221; global_colors_info=&#8221;{}&#8221;]<\/p>\n<ul>\n<li>Formaci\u00f3n y conferencias<\/li>\n<li>Formaci\u00f3n<\/li>\n<li>Curso por responsables de archivo y por responsables de seguridad<\/li>\n<li>Curso para consultores en protecci\u00f3n de datos (colaboraci\u00f3n con UAB)<\/li>\n<li>Curso de protecci\u00f3n de datos por inspectores de Servicios Sociales<\/li>\n<li>Curso de auditor-consultor en protecci\u00f3n de datos para personal<\/li>\n<li>Curso de protecci\u00f3n de datos para T.S. de Administraciones P\u00fablicas<\/li>\n<li>Conferencias<\/li>\n<li>Consultor\u00eda jur\u00eddica y tecnol\u00f3gica<\/li>\n<li>Gesti\u00f3n de procedimientos<\/li>\n<li>Defensa de Derechos Fundamentales (AEPD)<\/li>\n<li>Inspecci\u00f3n (AEPD, ACPD, APDCM, AVPD, CNMT, etc.)<\/li>\n<li>Inspecci\u00f3n en Planes Sectoriales (AEPD)<\/li>\n<li>Alta de archivos en organizaciones p\u00fablicas y privadas<\/li>\n<li>Gesti\u00f3n ante los \u00f3rganos jurisdiccionales correspondientes<\/li>\n<li>Peritaje judicial e informes prejudiciales<\/li>\n<\/ul>\n<p>[\/et_pb_text][\/et_pb_column][\/et_pb_row][et_pb_row use_custom_gutter=&#8221;on&#8221; gutter_width=&#8221;1&#8243; _builder_version=&#8221;4.16&#8243; _module_preset=&#8221;default&#8221; custom_margin=&#8221;0px||||false|false&#8221; custom_padding=&#8221;0px|10px||10px|false|true&#8221; global_colors_info=&#8221;{}&#8221;][et_pb_column type=&#8221;4_4&#8243; _builder_version=&#8221;4.16&#8243; _module_preset=&#8221;default&#8221; global_colors_info=&#8221;{}&#8221;][et_pb_text ul_item_indent=&#8221;2em&#8221; _builder_version=&#8221;4.19.2&#8243; _module_preset=&#8221;default&#8221; text_font=&#8221;Poppins||||||||&#8221; text_text_color=&#8221;#4D4D4D&#8221; text_font_size=&#8221;15px&#8221; link_text_color=&#8221;#C82F3E&#8221; ul_font=&#8221;Poppins||||||||&#8221; ul_text_color=&#8221;#4D4D4D&#8221; ul_font_size=&#8221;15px&#8221; hover_enabled=&#8221;0&#8243; global_colors_info=&#8221;{}&#8221; sticky_enabled=&#8221;0&#8243;]<\/p>\n<p data-fontsize=\"24\" data-lineheight=\"25.92px\"><strong>Font advocats, despacho especializado en derecho digital<\/strong><\/p>\n<p><a href=\"https:\/\/www.fontadvocats.com\/ca\/\" target=\"_blank\" rel=\"noopener\">Font Advocats<\/a><span>\u00a0<\/span>es un despacho de abogados especializado en Derecho Digital y Tecnol\u00f3gico, fundado en Barcelona en 2012. Se dirige, principalmente, a empresas de \u00e1mbito nacional e internacional, que operan en el entorno digital o se encuentran en un proceso de transformaci\u00f3n digital.<\/p>\n<p>Font Advocats ofrece unos servicios legales de m\u00e1xima calidad, con un trato flexible y cercano, que se adapta a las necesidades de cada cliente.<\/p>\n<h2><strong>Servicios LOPD en Sant Cugat<\/strong><\/h2>\n<p>Font Advocats tiene las siguientes \u00e1reas de trabajo:<\/p>\n<ul>\n<li>\n<h3><span style=\"font-size: medium;\"><strong>Privacidad\/Protecci\u00f3n de Datos<\/strong><\/span><\/h3>\n<\/li>\n<li>\n<h3><span style=\"font-size: medium;\"><strong>Propiedad Intelectual, Industrial y Derechos de Imagen<\/strong><\/span><\/h3>\n<\/li>\n<li>\n<p><strong>Econom\u00eda digital <\/strong>(cobertura jur\u00eddica de webs, apps y plataformas digitales, contrataci\u00f3n electr\u00f3nica y tecnol\u00f3gica, publicidad y\u00a0marketing\u00a0digital, litigios tecnol\u00f3gicos, asesoramiento en el uso de tecnolog\u00edas disruptivas como el\u00a0<em style=\"font-size: 16px;\">blockchain<\/em><span style=\"font-size: 16px;\">, la inteligencia artificial, el <\/span><em style=\"font-size: 16px;\">Internet of Things<\/em><span style=\"font-size: 16px;\">, etc.)<\/span><\/p>\n<\/li>\n<li>\n<h3><span style=\"font-size: medium;\"><strong>Ciberdelincuencia<\/strong><\/span><\/h3>\n<\/li>\n<li>\n<h3><span style=\"font-size: medium;\"><strong>Reputaci\u00f3n digital<\/strong><\/span><\/h3>\n<\/li>\n<li>\n<h3><span style=\"font-size: medium;\"><strong><em>Compliance<\/em><\/strong>\u00a0(Criminal\u00a0<em>Compliance<\/em>, Blanqueo de Capitales y Secretos Empresariales y Ciberseguridad)<\/span><\/h3>\n<\/li>\n<\/ul>\n<p>El Despacho mantiene alianzas estrat\u00e9gicas con\u00a0<em>partners<\/em>\u00a0del \u00e1mbito de la comunicaci\u00f3n y la seguridad inform\u00e1tica, para ofrecer un asesoramiento integral a sus clientes.<\/p>\n<p><em>La tecnolog\u00eda es un elemento clave para la competitividad y el progreso de las organizaciones, pero es necesario prever y adoptar medidas para hacer frente a los riesgos jur\u00eddicos.<\/em><\/p>\n<p>[\/et_pb_text][\/et_pb_column][\/et_pb_row][et_pb_row use_custom_gutter=&#8221;on&#8221; gutter_width=&#8221;1&#8243; _builder_version=&#8221;4.16&#8243; _module_preset=&#8221;default&#8221; custom_margin=&#8221;0px||||false|false&#8221; custom_padding=&#8221;0px|10px||10px|false|true&#8221; global_colors_info=&#8221;{}&#8221;][et_pb_column type=&#8221;4_4&#8243; _builder_version=&#8221;4.16&#8243; _module_preset=&#8221;default&#8221; global_colors_info=&#8221;{}&#8221;][et_pb_button button_url=&#8221;https:\/\/www.fontadvocats.com\/&#8221; url_new_window=&#8221;on&#8221; button_text=&#8221;CONOCE EL COLABORADOR&#8221; _builder_version=&#8221;4.16&#8243; _module_preset=&#8221;default&#8221; button_text_size=&#8221;14px&#8221; button_border_width=&#8221;2px&#8221; button_border_color=&#8221;#C82F3E&#8221; button_border_radius=&#8221;2px&#8221; button_font=&#8221;Poppins|700||on|||||&#8221; button_use_icon=&#8221;off&#8221; custom_margin=&#8221;||0px||false|false&#8221; custom_padding=&#8221;0.8em|2em|0.8em|2em|true|true&#8221; locked=&#8221;off&#8221; global_colors_info=&#8221;{}&#8221; button_text_size__hover_enabled=&#8221;off|hover&#8221; button_text_color__hover_enabled=&#8221;on|hover&#8221; button_text_color__hover=&#8221;#C82F3E&#8221; button_bg_color__hover=&#8221;#FFFFFF&#8221; button_border_width__hover_enabled=&#8221;on|desktop&#8221; button_border_width__hover=&#8221;2px&#8221; button_border_color__hover_enabled=&#8221;on|hover&#8221; button_border_color__hover=&#8221;#C82F3E&#8221;][\/et_pb_button][\/et_pb_column][\/et_pb_row][\/et_pb_section][et_pb_section fb_built=&#8221;1&#8243; _builder_version=&#8221;4.18.0&#8243; _module_preset=&#8221;default&#8221; background_image=&#8221;http:\/\/tramitserveis.cat\/wp-content\/uploads\/2022\/11\/fondo-img2-1024&#215;324-1.webp&#8221; custom_padding=&#8221;30px||30px||true|false&#8221; locked=&#8221;off&#8221; global_colors_info=&#8221;{}&#8221;][et_pb_row column_structure=&#8221;1_5,3_5,1_5&#8243; _builder_version=&#8221;4.16&#8243; _module_preset=&#8221;default&#8221; global_colors_info=&#8221;{}&#8221;][et_pb_column type=&#8221;1_5&#8243; _builder_version=&#8221;4.16&#8243; _module_preset=&#8221;default&#8221; global_colors_info=&#8221;{}&#8221;][\/et_pb_column][et_pb_column type=&#8221;3_5&#8243; _builder_version=&#8221;4.16&#8243; _module_preset=&#8221;default&#8221; global_colors_info=&#8221;{}&#8221;][et_pb_text _builder_version=&#8221;4.19.2&#8243; _module_preset=&#8221;default&#8221; text_font=&#8221;Poppins||||||||&#8221; text_font_size=&#8221;22px&#8221; link_text_color=&#8221;#4D4D4D&#8221; header_2_font=&#8221;Poppins|600|||||||&#8221; header_2_text_align=&#8221;center&#8221; header_2_text_color=&#8221;#4D4D4D&#8221; header_2_font_size=&#8221;36px&#8221; header_3_font=&#8221;Poppins|700||on|||||&#8221; header_3_text_align=&#8221;center&#8221; header_3_text_color=&#8221;#4D4D4D&#8221; text_orientation=&#8221;center&#8221; custom_margin=&#8221;10px||10px||false|false&#8221; custom_padding=&#8221;0px||0px||false|false&#8221; hover_enabled=&#8221;0&#8243; global_colors_info=&#8221;{}&#8221; text_text_color=&#8221;#4D4D4D&#8221; sticky_enabled=&#8221;0&#8243;]<\/p>\n<p style=\"text-align: center;\"><strong>Tu proyecto es nuestro reto<\/strong><\/p>\n<p>[\/et_pb_text][et_pb_text _builder_version=&#8221;4.18.0&#8243; _module_preset=&#8221;default&#8221; text_font=&#8221;Poppins||||||||&#8221; text_font_size=&#8221;15px&#8221; link_text_color=&#8221;#4D4D4D&#8221; header_2_font=&#8221;Poppins|600|||||||&#8221; header_2_text_align=&#8221;center&#8221; header_2_text_color=&#8221;#4D4D4D&#8221; header_2_font_size=&#8221;36px&#8221; header_3_font=&#8221;Poppins|700||on|||||&#8221; header_3_text_align=&#8221;center&#8221; header_3_text_color=&#8221;#4D4D4D&#8221; text_orientation=&#8221;center&#8221; custom_margin=&#8221;10px||30px||false|false&#8221; custom_padding=&#8221;0px||0px||false|false&#8221; global_colors_info=&#8221;{}&#8221;]Llama al<a href=\"tel:938205373\" target=\"_blank\" rel=\"noopener\"> <strong>938 205 373<\/strong><\/a>, escribe un e-mail a<br \/>\n<a href=\"mailto:administracio@tramitserveis.cat\" target=\"_blank\" rel=\"noopener\"><strong>administracio@tramitserveis.cat<\/strong><\/a> o realiza tu consulta en el siguiente formulario:[\/et_pb_text][et_pb_text _builder_version=&#8221;4.18.0&#8243; _module_preset=&#8221;default&#8221; text_font=&#8221;Poppins||||||||&#8221; global_colors_info=&#8221;{}&#8221;]<\/p>\n<p class=\"wpcf7-contact-form-not-found\"><strong>Error:<\/strong> Formulario de contacto no encontrado.<\/p>\n<p>[\/et_pb_text][\/et_pb_column][et_pb_column type=&#8221;1_5&#8243; _builder_version=&#8221;4.16&#8243; _module_preset=&#8221;default&#8221; global_colors_info=&#8221;{}&#8221;][\/et_pb_column][\/et_pb_row][\/et_pb_section]<\/p>\n","protected":false},"excerpt":{"rendered":"<p>Gestor\u00eda LOPD en Sant CugatGestor\u00eda LOPD en Sant Cugat: Esta \u00e1rea tiene como principal especialidad la aplicaci\u00f3n legal, las adecuaciones organizativas y el desarrollo de procesos dinamizados de las nuevas tecnolog\u00edas de la comunicaci\u00f3n y de la informaci\u00f3n en las organizaciones, tanto p\u00fablicas como privadas. Ofrecemos una gama de servicios personales y especializados que comportan [&hellip;]<\/p>\n","protected":false},"author":1,"featured_media":0,"parent":0,"menu_order":0,"comment_status":"closed","ping_status":"closed","template":"","meta":{"_et_pb_use_builder":"on","_et_pb_old_content":"","_et_gb_content_width":"","footnotes":""},"class_list":["post-9360","page","type-page","status-publish","hentry"],"_links":{"self":[{"href":"https:\/\/tramitserveis.cat\/es\/wp-json\/wp\/v2\/pages\/9360","targetHints":{"allow":["GET"]}}],"collection":[{"href":"https:\/\/tramitserveis.cat\/es\/wp-json\/wp\/v2\/pages"}],"about":[{"href":"https:\/\/tramitserveis.cat\/es\/wp-json\/wp\/v2\/types\/page"}],"author":[{"embeddable":true,"href":"https:\/\/tramitserveis.cat\/es\/wp-json\/wp\/v2\/users\/1"}],"replies":[{"embeddable":true,"href":"https:\/\/tramitserveis.cat\/es\/wp-json\/wp\/v2\/comments?post=9360"}],"version-history":[{"count":0,"href":"https:\/\/tramitserveis.cat\/es\/wp-json\/wp\/v2\/pages\/9360\/revisions"}],"wp:attachment":[{"href":"https:\/\/tramitserveis.cat\/es\/wp-json\/wp\/v2\/media?parent=9360"}],"curies":[{"name":"wp","href":"https:\/\/api.w.org\/{rel}","templated":true}]}}